{"id":47196,"date":"2021-12-09T20:11:37","date_gmt":"2021-12-10T04:11:37","guid":{"rendered":"https:\/\/gutilaw.com\/property-division\/"},"modified":"2022-11-04T21:32:33","modified_gmt":"2022-11-05T04:32:33","slug":"separacion-de-bienes","status":"publish","type":"page","link":"https:\/\/gutilaw.com\/es\/divorce-and-family-law\/separacion-de-bienes\/","title":{"rendered":"Separaci\u00f3n de bienes"},"content":{"rendered":"\n<h2 class=\"wp-block-heading\" style=\"font-size:28px\"><strong>Abogado especialista en divorcio y separaci\u00f3n de bienes en Redwood City<\/strong><\/h2>\n\n\n\n<p>Todos los divorcios incluyen alg\u00fan componente que implica la separaci\u00f3n de los bienes conyugales y\/o las deudas. Con frecuencia, los c\u00f3nyuges pueden llegar a un acuerdo b\u00e1sico sobre los bienes y no surgen disputas. En otros casos, pueden estar en juego bienes importantes y estilos de vida. Independientemente de lo sencillo o complejo que sea su acuerdo de separaci\u00f3n de bienes, aseg\u00farese de contar con el abogado adecuado para proteger sus intereses econ\u00f3micos, ya que no hay vuelta atr\u00e1s.<\/p>\n\n\n\n<p>Soy el abogado Oliver Guti\u00e9rrez, especialista en derecho de familia en Redwood City, California. Cuento con m\u00e1s de 13 a\u00f1os de experiencia ayudando a las personas a transitar el complicado proceso de un acuerdo de separaci\u00f3n de bienes justo en el divorcio y la disoluci\u00f3n de acuerdos dom\u00e9sticos.<\/p>\n\n\n\n<h2 class=\"wp-block-heading\">Si ya ha llegado a un acuerdo de separaci\u00f3n de bienes<\/h2>\n\n\n\n<p>Incluso si usted cree que no tiene una disputa con su c\u00f3nyuge, puede haber algunos asuntos que est\u00e9 pasando por alto. Adem\u00e1s, es posible que el juez de su condado no acepte los t\u00e9rminos del acuerdo, aunque ambos lo hayan acordado. Me asegurar\u00e9 de que cuente con una correcta redacci\u00f3n y que est\u00e9 lista para ser presentada ante los tribunales para que se dicte una sentencia definitiva.<\/p>\n\n\n\n<h2 class=\"wp-block-heading\" style=\"font-size:24px\"><strong>Disputas de propiedad complejas<\/strong><\/h2>\n\n\n\n<p>Cuento con la experiencia necesaria para ayudar a las personas a resolver disputas a trav\u00e9s de negociaciones y el proceso de mediaci\u00f3n. A menudo, los c\u00f3nyuges terminan peleando por art\u00edculos menores, como por ejemplo los muebles, pero terminan d\u00e1ndose cuenta que los gastos en honorarios legales y costos del tribunal exceden por mucho el costo de un mueble nuevo. Trabajar\u00e9 diligentemente para proteger sus intereses financieros fuera de los tribunales. Si es necesario proteger sus intereses en un juicio, no encontrar\u00e1 un abogado m\u00e1s preparado y dispuesto a luchar por sus derechos.<\/p>\n\n\n\n<h2 class=\"wp-block-heading\">Mi experiencia en los casos de divisi\u00f3n de bienes conyugales y su distribuci\u00f3n equitativa incluye:<\/h2>\n\n\n\n<ul class=\"wp-block-list\"><li>Valoraci\u00f3n de negocios y divisi\u00f3n de acciones de inversi\u00f3n<\/li><li>Buscar activos ocultos<\/li><li>Divisi\u00f3n de activos tales como acciones, bonos y valores<\/li><li>Beneficios de pensiones, cuentas de jubilaci\u00f3n 401(k)<\/li><li>Bienes inmuebles, incluyendo la residencia principal, las propiedades de vacaciones y de inversi\u00f3n<\/li><\/ul>\n\n\n\n<h2 class=\"wp-block-heading\" style=\"font-size:24px\">Para programar una consulta gratuita de 30 minutos, llame al 650-399-0962<\/h2>\n\n\n\n<p>Llame o p\u00f3ngase en contacto con mi oficina en Redwood City para programar una cita y discutir su caso de divorcio y las preocupaciones que tenga sobre la divisi\u00f3n de bienes. Se habla Espa\u00f1ol.<\/p>\n","protected":false},"excerpt":{"rendered":"<p>Abogado especialista en divorcio y separaci\u00f3n de bienes en Redwood City Todos los divorcios incluyen alg\u00fan componente que implica la separaci\u00f3n de los bienes conyugales y\/o las deudas. Con frecuencia, los c\u00f3nyuges pueden llegar a un acuerdo b\u00e1sico sobre los bienes y no surgen disputas. En otros casos, pueden estar en juego bienes importantes y [&hellip;]<\/p>\n","protected":false},"author":23,"featured_media":0,"parent":47201,"menu_order":0,"comment_status":"closed","ping_status":"closed","template":"","meta":{"_acf_changed":false,"footnotes":""},"class_list":["post-47196","page","type-page","status-publish","hentry"],"acf":[],"_links":{"self":[{"href":"https:\/\/gutilaw.com\/es\/wp-json\/wp\/v2\/pages\/47196","targetHints":{"allow":["GET"]}}],"collection":[{"href":"https:\/\/gutilaw.com\/es\/wp-json\/wp\/v2\/pages"}],"about":[{"href":"https:\/\/gutilaw.com\/es\/wp-json\/wp\/v2\/types\/page"}],"author":[{"embeddable":true,"href":"https:\/\/gutilaw.com\/es\/wp-json\/wp\/v2\/users\/23"}],"replies":[{"embeddable":true,"href":"https:\/\/gutilaw.com\/es\/wp-json\/wp\/v2\/comments?post=47196"}],"version-history":[{"count":0,"href":"https:\/\/gutilaw.com\/es\/wp-json\/wp\/v2\/pages\/47196\/revisions"}],"up":[{"embeddable":true,"href":"https:\/\/gutilaw.com\/es\/wp-json\/wp\/v2\/pages\/47201"}],"wp:attachment":[{"href":"https:\/\/gutilaw.com\/es\/wp-json\/wp\/v2\/media?parent=47196"}],"curies":[{"name":"wp","href":"https:\/\/api.w.org\/{rel}","templated":true}]}}