{"id":47204,"date":"2021-06-17T21:25:32","date_gmt":"2021-06-18T04:25:32","guid":{"rendered":"https:\/\/gutilaw.com\/disclaimer\/"},"modified":"2022-01-14T15:50:00","modified_gmt":"2022-01-14T23:50:00","slug":"renuncia-de-responsabilidad","status":"publish","type":"page","link":"https:\/\/gutilaw.com\/es\/site-info\/renuncia-de-responsabilidad\/","title":{"rendered":"Renuncia de responsabilidad"},"content":{"rendered":"\t\t<div data-elementor-type=\"wp-page\" data-elementor-id=\"47204\" class=\"elementor elementor-47204 elementor-16\" data-elementor-post-type=\"page\">\n\t\t\t\t\t\t<section data-particle_enable=\"false\" data-particle-mobile-disabled=\"false\" class=\"elementor-section elementor-top-section elementor-element elementor-element-d5c9fa7 elementor-section-boxed elementor-section-height-default elementor-section-height-default\" data-id=\"d5c9fa7\" data-element_type=\"section\" data-e-type=\"section\">\n\t\t\t\t\t\t<div class=\"elementor-container elementor-column-gap-default\">\n\t\t\t\t\t<div class=\"elementor-column elementor-col-100 elementor-top-column elementor-element elementor-element-e4d038e\" data-id=\"e4d038e\" data-element_type=\"column\" data-e-type=\"column\">\n\t\t\t<div class=\"elementor-widget-wrap elementor-element-populated\">\n\t\t\t\t\t\t<div class=\"elementor-element elementor-element-34029f5 elementor-widget elementor-widget-text-editor\" data-id=\"34029f5\" data-element_type=\"widget\" data-e-type=\"widget\" data-widget_type=\"text-editor.default\">\n\t\t\t\t\t\t\t\t\tThe information you obtain at this site is not, nor is it intended to be, legal advice. You should consult an attorney for advice regarding your individual situation. We invite you to contact us and welcome your calls, letters and electronic mail. Contacting us does not create an attorney-client relationship. Please do not send any confidential information to us until such time as an attorney-client relationship has been established.\n\t\t\t\t\t\t\t\t<\/div>\n\t\t\t\t\t<\/div>\n\t\t<\/div>\n\t\t\t\t\t<\/div>\n\t\t<\/section>\n\t\t\t\t<\/div>\n\t\t","protected":false},"excerpt":{"rendered":"<p>La informaci\u00f3n contenida en este sitio web no es, ni pretende ser, un asesoramiento jur\u00eddico. Debe consultar a un abogado para que le asesore sobre su situaci\u00f3n particular. Le invitamos a ponerse en contacto con nosotros mediante llamadas telef\u00f3nicas, cartas y correo electr\u00f3nico. El ponerse en contacto con nosotros no crea una relaci\u00f3n abogado-cliente. No [&hellip;]<\/p>\n","protected":false},"author":23,"featured_media":0,"parent":47207,"menu_order":0,"comment_status":"closed","ping_status":"closed","template":"","meta":{"_acf_changed":false,"footnotes":""},"class_list":["post-47204","page","type-page","status-publish","hentry"],"acf":[],"_links":{"self":[{"href":"https:\/\/gutilaw.com\/es\/wp-json\/wp\/v2\/pages\/47204","targetHints":{"allow":["GET"]}}],"collection":[{"href":"https:\/\/gutilaw.com\/es\/wp-json\/wp\/v2\/pages"}],"about":[{"href":"https:\/\/gutilaw.com\/es\/wp-json\/wp\/v2\/types\/page"}],"author":[{"embeddable":true,"href":"https:\/\/gutilaw.com\/es\/wp-json\/wp\/v2\/users\/23"}],"replies":[{"embeddable":true,"href":"https:\/\/gutilaw.com\/es\/wp-json\/wp\/v2\/comments?post=47204"}],"version-history":[{"count":0,"href":"https:\/\/gutilaw.com\/es\/wp-json\/wp\/v2\/pages\/47204\/revisions"}],"up":[{"embeddable":true,"href":"https:\/\/gutilaw.com\/es\/wp-json\/wp\/v2\/pages\/47207"}],"wp:attachment":[{"href":"https:\/\/gutilaw.com\/es\/wp-json\/wp\/v2\/media?parent=47204"}],"curies":[{"name":"wp","href":"https:\/\/api.w.org\/{rel}","templated":true}]}}